{"id":16137,"date":"2024-11-22T14:07:08","date_gmt":"2024-11-22T13:07:08","guid":{"rendered":"https:\/\/petiteprovence.cz\/?post_type=product&#038;p=16137"},"modified":"2024-11-22T14:07:09","modified_gmt":"2024-11-22T13:07:09","slug":"kolecka-zimni-krajinky-4-kusy","status":"publish","type":"product","link":"https:\/\/dev.petiteprovence.cz\/en\/produkt\/kolecka-zimni-krajinky-4-kusy\/","title":{"rendered":"Kole\u010dka zimn\u00ed krajinky 4 kusy"},"content":{"rendered":"<p>Kole\u010dka z masivn\u00edho d\u0159eva v kr\u00e1sn\u00fdch zimn\u00edch motivech &#8211; krajinky .<br \/>\nPr\u016fm\u011br kole\u010dka 6,5 &#8211; 8 cm . V sad\u011b 4 kusy kole\u010dek .<br \/>\nJednostrann\u011b dekorovan\u00e9 .<\/p>\n","protected":false},"excerpt":{"rendered":"<p>Kole\u010dka z masivn\u00edho d\u0159eva v kr\u00e1sn\u00fdch zimn\u00edch motivech &#8211; krajinky . Pr\u016fm\u011br kole\u010dka 6,5 &#8211; 8 cm . V sad\u011b 4 kusy kole\u010dek . Jednostrann\u011b dekorovan\u00e9 .<\/p>\n","protected":false},"featured_media":16138,"template":"","meta":{"bwfblock_default_font":""},"etheme_brands":[],"product_brand":[],"product_cat":[38,336],"product_tag":[],"class_list":{"0":"post-16137","1":"product","2":"type-product","3":"status-publish","4":"has-post-thumbnail","6":"product_cat-prizdoby-do-vencu-a-dekoraci","7":"product_cat-vanocni-dekorace","9":"first","10":"instock","11":"shipping-taxable","12":"purchasable","13":"product-type-simple"},"yoast_head":"<!-- This site is optimized with the Yoast SEO Premium plugin v27.0 (Yoast SEO v27.3) - https:\/\/yoast.com\/product\/yoast-seo-premium-wordpress\/ -->\n<title>Kole\u010dka zimn\u00ed krajinky 4 kusy - PetiteProvence.cz<\/title>\n<meta name=\"robots\" content=\"noindex, follow, max-snippet:-1, max-image-preview:large, max-video-preview:-1\" \/>\n<meta property=\"og:locale\" content=\"en_US\" \/>\n<meta property=\"og:type\" content=\"article\" \/>\n<meta property=\"og:title\" content=\"Kole\u010dka zimn\u00ed krajinky 4 kusy\" \/>\n<meta property=\"og:description\" content=\"Kole\u010dka z masivn\u00edho d\u0159eva v kr\u00e1sn\u00fdch zimn\u00edch motivech &#8211; krajinky . Pr\u016fm\u011br kole\u010dka 6,5 &#8211; 8 cm . V sad\u011b 4 kusy kole\u010dek . Jednostrann\u011b dekorovan\u00e9 .\" \/>\n<meta property=\"og:url\" content=\"https:\/\/dev.petiteprovence.cz\/en\/produkt\/kolecka-zimni-krajinky-4-kusy\/\" \/>\n<meta property=\"og:site_name\" content=\"PetiteProvence.cz\" \/>\n<meta property=\"article:publisher\" content=\"https:\/\/www.facebook.com\/provencehandmade\" \/>\n<meta property=\"article:modified_time\" content=\"2024-11-22T13:07:09+00:00\" \/>\n<meta property=\"og:image\" content=\"https:\/\/dev.petiteprovence.cz\/wp-content\/uploads\/2024\/11\/IMG_6283.jpeg\" \/>\n\t<meta property=\"og:image:width\" content=\"2045\" \/>\n\t<meta property=\"og:image:height\" content=\"2045\" \/>\n\t<meta property=\"og:image:type\" content=\"image\/jpeg\" \/>\n<meta name=\"twitter:card\" content=\"summary_large_image\" \/>\n<meta name=\"twitter:site\" content=\"@_PetiteProvence\" \/>\n<script type=\"application\/ld+json\" class=\"yoast-schema-graph\">{\"@context\":\"https:\\\/\\\/schema.org\",\"@graph\":[{\"@type\":[\"WebPage\",\"ItemPage\"],\"@id\":\"https:\\\/\\\/dev.petiteprovence.cz\\\/en\\\/produkt\\\/kolecka-zimni-krajinky-4-kusy\\\/\",\"url\":\"https:\\\/\\\/dev.petiteprovence.cz\\\/en\\\/produkt\\\/kolecka-zimni-krajinky-4-kusy\\\/\",\"name\":\"Kole\u010dka zimn\u00ed krajinky 4 kusy - PetiteProvence.cz\",\"isPartOf\":{\"@id\":\"https:\\\/\\\/dev.petiteprovence.cz\\\/en\\\/#website\"},\"primaryImageOfPage\":{\"@id\":\"https:\\\/\\\/dev.petiteprovence.cz\\\/en\\\/produkt\\\/kolecka-zimni-krajinky-4-kusy\\\/#primaryimage\"},\"image\":{\"@id\":\"https:\\\/\\\/dev.petiteprovence.cz\\\/en\\\/produkt\\\/kolecka-zimni-krajinky-4-kusy\\\/#primaryimage\"},\"thumbnailUrl\":\"https:\\\/\\\/dev.petiteprovence.cz\\\/wp-content\\\/uploads\\\/2024\\\/11\\\/IMG_6283.jpeg\",\"datePublished\":\"2024-11-22T13:07:08+00:00\",\"dateModified\":\"2024-11-22T13:07:09+00:00\",\"breadcrumb\":{\"@id\":\"https:\\\/\\\/dev.petiteprovence.cz\\\/en\\\/produkt\\\/kolecka-zimni-krajinky-4-kusy\\\/#breadcrumb\"},\"inLanguage\":\"en-US\",\"potentialAction\":[{\"@type\":\"ReadAction\",\"target\":[\"https:\\\/\\\/dev.petiteprovence.cz\\\/en\\\/produkt\\\/kolecka-zimni-krajinky-4-kusy\\\/\"]}]},{\"@type\":\"ImageObject\",\"inLanguage\":\"en-US\",\"@id\":\"https:\\\/\\\/dev.petiteprovence.cz\\\/en\\\/produkt\\\/kolecka-zimni-krajinky-4-kusy\\\/#primaryimage\",\"url\":\"https:\\\/\\\/dev.petiteprovence.cz\\\/wp-content\\\/uploads\\\/2024\\\/11\\\/IMG_6283.jpeg\",\"contentUrl\":\"https:\\\/\\\/dev.petiteprovence.cz\\\/wp-content\\\/uploads\\\/2024\\\/11\\\/IMG_6283.jpeg\",\"width\":2045,\"height\":2045},{\"@type\":\"BreadcrumbList\",\"@id\":\"https:\\\/\\\/dev.petiteprovence.cz\\\/en\\\/produkt\\\/kolecka-zimni-krajinky-4-kusy\\\/#breadcrumb\",\"itemListElement\":[{\"@type\":\"ListItem\",\"position\":1,\"name\":\"Home\",\"item\":\"https:\\\/\\\/dev.petiteprovence.cz\\\/en\\\/\"},{\"@type\":\"ListItem\",\"position\":2,\"name\":\"Shop\",\"item\":\"https:\\\/\\\/dev.petiteprovence.cz\\\/en\\\/shop\\\/\"},{\"@type\":\"ListItem\",\"position\":3,\"name\":\"Kole\u010dka zimn\u00ed krajinky 4 kusy\"}]},{\"@type\":\"WebSite\",\"@id\":\"https:\\\/\\\/dev.petiteprovence.cz\\\/en\\\/#website\",\"url\":\"https:\\\/\\\/dev.petiteprovence.cz\\\/en\\\/\",\"name\":\"PetiteProvence.cz\",\"description\":\"\",\"publisher\":{\"@id\":\"https:\\\/\\\/dev.petiteprovence.cz\\\/en\\\/#organization\"},\"potentialAction\":[{\"@type\":\"SearchAction\",\"target\":{\"@type\":\"EntryPoint\",\"urlTemplate\":\"https:\\\/\\\/dev.petiteprovence.cz\\\/en\\\/?s={search_term_string}\"},\"query-input\":{\"@type\":\"PropertyValueSpecification\",\"valueRequired\":true,\"valueName\":\"search_term_string\"}}],\"inLanguage\":\"en-US\"},{\"@type\":[\"Organization\",\"Place\",\"HomeGoodsStore\"],\"@id\":\"https:\\\/\\\/dev.petiteprovence.cz\\\/en\\\/#organization\",\"name\":\"PetiteProvence.cz\",\"url\":\"https:\\\/\\\/dev.petiteprovence.cz\\\/en\\\/\",\"logo\":{\"@id\":\"https:\\\/\\\/dev.petiteprovence.cz\\\/en\\\/produkt\\\/kolecka-zimni-krajinky-4-kusy\\\/#local-main-organization-logo\"},\"image\":{\"@id\":\"https:\\\/\\\/dev.petiteprovence.cz\\\/en\\\/produkt\\\/kolecka-zimni-krajinky-4-kusy\\\/#local-main-organization-logo\"},\"sameAs\":[\"https:\\\/\\\/www.facebook.com\\\/provencehandmade\",\"https:\\\/\\\/x.com\\\/_PetiteProvence\",\"https:\\\/\\\/www.instagram.com\\\/petite.provence\\\/\",\"https:\\\/\\\/cz.pinterest.com\\\/petiteprovence_cz\"],\"legalName\":\"Petite Provence s.r.o.\",\"foundingDate\":\"2022-05-23\",\"numberOfEmployees\":{\"@type\":\"QuantitativeValue\",\"minValue\":\"1\",\"maxValue\":\"10\"},\"address\":{\"@id\":\"https:\\\/\\\/dev.petiteprovence.cz\\\/en\\\/produkt\\\/kolecka-zimni-krajinky-4-kusy\\\/#local-main-place-address\"},\"geo\":{\"@type\":\"GeoCoordinates\",\"latitude\":\"50.0756404\",\"longitude\":\"14.5077825\"},\"telephone\":[\"+420212248480\"],\"openingHoursSpecification\":{\"@type\":\"OpeningHoursSpecification\",\"dayOfWeek\":[\"Monday\",\"Tuesday\",\"Wednesday\",\"Thursday\",\"Friday\",\"Saturday\",\"Sunday\"],\"opens\":\"00:00\",\"closes\":\"23:59\"},\"email\":\"info@petiteprovence.cz\",\"areaServed\":\"Czech Republic, Slovak Republic, EU\",\"taxID\":\"17167051\",\"currenciesAccepted\":\"CZK, EUR\",\"paymentAccepted\":\"credit card, cash\"},{\"@type\":\"PostalAddress\",\"@id\":\"https:\\\/\\\/dev.petiteprovence.cz\\\/en\\\/produkt\\\/kolecka-zimni-krajinky-4-kusy\\\/#local-main-place-address\",\"streetAddress\":\"T\u0159ebohostick\u00e1 3069\\\/14\",\"addressLocality\":\"Praha 10\",\"postalCode\":\"100 00\",\"addressRegion\":\"Praha\",\"addressCountry\":\"CZ\"},{\"@type\":\"ImageObject\",\"inLanguage\":\"en-US\",\"@id\":\"https:\\\/\\\/dev.petiteprovence.cz\\\/en\\\/produkt\\\/kolecka-zimni-krajinky-4-kusy\\\/#local-main-organization-logo\",\"url\":\"https:\\\/\\\/dev.petiteprovence.cz\\\/wp-content\\\/uploads\\\/PetiteProvence.cz-logo-800x800-1.jpg\",\"contentUrl\":\"https:\\\/\\\/dev.petiteprovence.cz\\\/wp-content\\\/uploads\\\/PetiteProvence.cz-logo-800x800-1.jpg\",\"width\":800,\"height\":800,\"caption\":\"PetiteProvence.cz\"}]}<\/script>\n<meta property=\"product:price:amount\" content=\"96.00\" \/>\n<meta property=\"product:price:currency\" content=\"CZK\" \/>\n<meta property=\"og:availability\" content=\"instock\" \/>\n<meta property=\"product:availability\" content=\"instock\" \/>\n<meta property=\"product:condition\" content=\"new\" \/>\n<meta name=\"geo.placename\" content=\"Praha 10\" \/>\n<meta name=\"geo.position\" content=\"50.0756404;14.5077825\" \/>\n<meta name=\"geo.region\" content=\"Czech Republic\" \/>\n<!-- \/ Yoast SEO Premium plugin. -->","yoast_head_json":{"title":"Kole\u010dka zimn\u00ed krajinky 4 kusy - PetiteProvence.cz","robots":{"index":"noindex","follow":"follow","max-snippet":"max-snippet:-1","max-image-preview":"max-image-preview:large","max-video-preview":"max-video-preview:-1"},"og_locale":"en_US","og_type":"article","og_title":"Kole\u010dka zimn\u00ed krajinky 4 kusy","og_description":"Kole\u010dka z masivn\u00edho d\u0159eva v kr\u00e1sn\u00fdch zimn\u00edch motivech &#8211; krajinky . Pr\u016fm\u011br kole\u010dka 6,5 &#8211; 8 cm . V sad\u011b 4 kusy kole\u010dek . Jednostrann\u011b dekorovan\u00e9 .","og_url":"https:\/\/dev.petiteprovence.cz\/en\/produkt\/kolecka-zimni-krajinky-4-kusy\/","og_site_name":"PetiteProvence.cz","article_publisher":"https:\/\/www.facebook.com\/provencehandmade","article_modified_time":"2024-11-22T13:07:09+00:00","og_image":[{"width":2045,"height":2045,"url":"https:\/\/dev.petiteprovence.cz\/wp-content\/uploads\/2024\/11\/IMG_6283.jpeg","type":"image\/jpeg"}],"twitter_card":"summary_large_image","twitter_site":"@_PetiteProvence","schema":{"@context":"https:\/\/schema.org","@graph":[{"@type":["WebPage","ItemPage"],"@id":"https:\/\/dev.petiteprovence.cz\/en\/produkt\/kolecka-zimni-krajinky-4-kusy\/","url":"https:\/\/dev.petiteprovence.cz\/en\/produkt\/kolecka-zimni-krajinky-4-kusy\/","name":"Kole\u010dka zimn\u00ed krajinky 4 kusy - PetiteProvence.cz","isPartOf":{"@id":"https:\/\/dev.petiteprovence.cz\/en\/#website"},"primaryImageOfPage":{"@id":"https:\/\/dev.petiteprovence.cz\/en\/produkt\/kolecka-zimni-krajinky-4-kusy\/#primaryimage"},"image":{"@id":"https:\/\/dev.petiteprovence.cz\/en\/produkt\/kolecka-zimni-krajinky-4-kusy\/#primaryimage"},"thumbnailUrl":"https:\/\/dev.petiteprovence.cz\/wp-content\/uploads\/2024\/11\/IMG_6283.jpeg","datePublished":"2024-11-22T13:07:08+00:00","dateModified":"2024-11-22T13:07:09+00:00","breadcrumb":{"@id":"https:\/\/dev.petiteprovence.cz\/en\/produkt\/kolecka-zimni-krajinky-4-kusy\/#breadcrumb"},"inLanguage":"en-US","potentialAction":[{"@type":"ReadAction","target":["https:\/\/dev.petiteprovence.cz\/en\/produkt\/kolecka-zimni-krajinky-4-kusy\/"]}]},{"@type":"ImageObject","inLanguage":"en-US","@id":"https:\/\/dev.petiteprovence.cz\/en\/produkt\/kolecka-zimni-krajinky-4-kusy\/#primaryimage","url":"https:\/\/dev.petiteprovence.cz\/wp-content\/uploads\/2024\/11\/IMG_6283.jpeg","contentUrl":"https:\/\/dev.petiteprovence.cz\/wp-content\/uploads\/2024\/11\/IMG_6283.jpeg","width":2045,"height":2045},{"@type":"BreadcrumbList","@id":"https:\/\/dev.petiteprovence.cz\/en\/produkt\/kolecka-zimni-krajinky-4-kusy\/#breadcrumb","itemListElement":[{"@type":"ListItem","position":1,"name":"Home","item":"https:\/\/dev.petiteprovence.cz\/en\/"},{"@type":"ListItem","position":2,"name":"Shop","item":"https:\/\/dev.petiteprovence.cz\/en\/shop\/"},{"@type":"ListItem","position":3,"name":"Kole\u010dka zimn\u00ed krajinky 4 kusy"}]},{"@type":"WebSite","@id":"https:\/\/dev.petiteprovence.cz\/en\/#website","url":"https:\/\/dev.petiteprovence.cz\/en\/","name":"PetiteProvence.cz","description":"","publisher":{"@id":"https:\/\/dev.petiteprovence.cz\/en\/#organization"},"potentialAction":[{"@type":"SearchAction","target":{"@type":"EntryPoint","urlTemplate":"https:\/\/dev.petiteprovence.cz\/en\/?s={search_term_string}"},"query-input":{"@type":"PropertyValueSpecification","valueRequired":true,"valueName":"search_term_string"}}],"inLanguage":"en-US"},{"@type":["Organization","Place","HomeGoodsStore"],"@id":"https:\/\/dev.petiteprovence.cz\/en\/#organization","name":"PetiteProvence.cz","url":"https:\/\/dev.petiteprovence.cz\/en\/","logo":{"@id":"https:\/\/dev.petiteprovence.cz\/en\/produkt\/kolecka-zimni-krajinky-4-kusy\/#local-main-organization-logo"},"image":{"@id":"https:\/\/dev.petiteprovence.cz\/en\/produkt\/kolecka-zimni-krajinky-4-kusy\/#local-main-organization-logo"},"sameAs":["https:\/\/www.facebook.com\/provencehandmade","https:\/\/x.com\/_PetiteProvence","https:\/\/www.instagram.com\/petite.provence\/","https:\/\/cz.pinterest.com\/petiteprovence_cz"],"legalName":"Petite Provence s.r.o.","foundingDate":"2022-05-23","numberOfEmployees":{"@type":"QuantitativeValue","minValue":"1","maxValue":"10"},"address":{"@id":"https:\/\/dev.petiteprovence.cz\/en\/produkt\/kolecka-zimni-krajinky-4-kusy\/#local-main-place-address"},"geo":{"@type":"GeoCoordinates","latitude":"50.0756404","longitude":"14.5077825"},"telephone":["+420212248480"],"openingHoursSpecification":{"@type":"OpeningHoursSpecification","dayOfWeek":["Monday","Tuesday","Wednesday","Thursday","Friday","Saturday","Sunday"],"opens":"00:00","closes":"23:59"},"email":"info@petiteprovence.cz","areaServed":"Czech Republic, Slovak Republic, EU","taxID":"17167051","currenciesAccepted":"CZK, EUR","paymentAccepted":"credit card, cash"},{"@type":"PostalAddress","@id":"https:\/\/dev.petiteprovence.cz\/en\/produkt\/kolecka-zimni-krajinky-4-kusy\/#local-main-place-address","streetAddress":"T\u0159ebohostick\u00e1 3069\/14","addressLocality":"Praha 10","postalCode":"100 00","addressRegion":"Praha","addressCountry":"CZ"},{"@type":"ImageObject","inLanguage":"en-US","@id":"https:\/\/dev.petiteprovence.cz\/en\/produkt\/kolecka-zimni-krajinky-4-kusy\/#local-main-organization-logo","url":"https:\/\/dev.petiteprovence.cz\/wp-content\/uploads\/PetiteProvence.cz-logo-800x800-1.jpg","contentUrl":"https:\/\/dev.petiteprovence.cz\/wp-content\/uploads\/PetiteProvence.cz-logo-800x800-1.jpg","width":800,"height":800,"caption":"PetiteProvence.cz"}]},"product_price_amount":"96.00","product_price_currency":"CZK","og_availability":"instock","product_availability":"instock","product_condition":"new","geo.placename":"Praha 10","geo.position":{"lat":"50.0756404","long":"14.5077825"},"geo.region":"Czech Republic"},"_links":{"self":[{"href":"https:\/\/dev.petiteprovence.cz\/en\/wp-json\/wp\/v2\/product\/16137","targetHints":{"allow":["GET"]}}],"collection":[{"href":"https:\/\/dev.petiteprovence.cz\/en\/wp-json\/wp\/v2\/product"}],"about":[{"href":"https:\/\/dev.petiteprovence.cz\/en\/wp-json\/wp\/v2\/types\/product"}],"wp:featuredmedia":[{"embeddable":true,"href":"https:\/\/dev.petiteprovence.cz\/en\/wp-json\/wp\/v2\/media\/16138"}],"wp:attachment":[{"href":"https:\/\/dev.petiteprovence.cz\/en\/wp-json\/wp\/v2\/media?parent=16137"}],"wp:term":[{"taxonomy":"brand","embeddable":true,"href":"https:\/\/dev.petiteprovence.cz\/en\/wp-json\/wp\/v2\/etheme_brands?post=16137"},{"taxonomy":"product_brand","embeddable":true,"href":"https:\/\/dev.petiteprovence.cz\/en\/wp-json\/wp\/v2\/product_brand?post=16137"},{"taxonomy":"product_cat","embeddable":true,"href":"https:\/\/dev.petiteprovence.cz\/en\/wp-json\/wp\/v2\/product_cat?post=16137"},{"taxonomy":"product_tag","embeddable":true,"href":"https:\/\/dev.petiteprovence.cz\/en\/wp-json\/wp\/v2\/product_tag?post=16137"}],"curies":[{"name":"wp","href":"https:\/\/api.w.org\/{rel}","templated":true}]}}