{"id":16236,"date":"2025-01-09T14:20:58","date_gmt":"2025-01-09T13:20:58","guid":{"rendered":"https:\/\/petiteprovence.cz\/?post_type=product&#038;p=16236"},"modified":"2025-01-09T14:20:59","modified_gmt":"2025-01-09T13:20:59","slug":"oval-vesele-velikonoce","status":"publish","type":"product","link":"https:\/\/dev.petiteprovence.cz\/en\/produkt\/oval-vesele-velikonoce\/","title":{"rendered":"Ov\u00e1l &#8220;vesel\u00e9 Velikonoce&#8221;"},"content":{"rendered":"<p>Ov\u00e1l vy\u0159ezan\u00fd z p\u0159ekli\u017eky o \u0161\u00ed\u0159ce 4 mm s n\u00e1pisem &#8220;vesel\u00e9 Velikonoce &#8221; s patinou , vhodn\u00fd jako p\u0159\u00edzdoba \u00a0do velikono\u010dn\u00edch a jarn\u00edch v\u011bnc\u016f a dekorac\u00ed .<\/p>\n<p>Rozm\u011bry: 9 x 4,5 x 0,4 cm<\/p>\n","protected":false},"excerpt":{"rendered":"<p>Ov\u00e1l vy\u0159ezan\u00fd z p\u0159ekli\u017eky o \u0161\u00ed\u0159ce 4 mm s n\u00e1pisem &#8220;vesel\u00e9 Velikonoce &#8221; s patinou , vhodn\u00fd jako p\u0159\u00edzdoba \u00a0do velikono\u010dn\u00edch a jarn\u00edch v\u011bnc\u016f a dekorac\u00ed . Rozm\u011bry: 9 x 4,5 x 0,4 cm<\/p>\n","protected":false},"featured_media":16237,"template":"","meta":{"bwfblock_default_font":""},"etheme_brands":[{"term_id":50,"name":"PetiteProvence.cz","slug":"petiteprovence-cz-en","term_group":0,"term_taxonomy_id":50,"taxonomy":"brand","description":"[block id=6702]","parent":0,"count":410,"filter":"raw"}],"product_brand":[],"product_cat":[38,337],"product_tag":[],"class_list":{"0":"post-16236","1":"product","2":"type-product","3":"status-publish","4":"has-post-thumbnail","6":"brand-petiteprovence-cz","7":"product_cat-prizdoby-do-vencu-a-dekoraci","8":"product_cat-velikonocni-dekorace","10":"first","11":"instock","12":"shipping-taxable","13":"purchasable","14":"product-type-simple"},"yoast_head":"<!-- This site is optimized with the Yoast SEO Premium plugin v27.0 (Yoast SEO v27.3) - https:\/\/yoast.com\/product\/yoast-seo-premium-wordpress\/ -->\n<title>Ov\u00e1l &quot;vesel\u00e9 Velikonoce&quot; - PetiteProvence.cz<\/title>\n<meta name=\"robots\" content=\"noindex, follow, max-snippet:-1, max-image-preview:large, max-video-preview:-1\" \/>\n<meta property=\"og:locale\" content=\"en_US\" \/>\n<meta property=\"og:type\" content=\"article\" \/>\n<meta property=\"og:title\" content=\"Ov\u00e1l &quot;vesel\u00e9 Velikonoce&quot;\" \/>\n<meta property=\"og:description\" content=\"Ov\u00e1l vy\u0159ezan\u00fd z p\u0159ekli\u017eky o \u0161\u00ed\u0159ce 4 mm s n\u00e1pisem &#8220;vesel\u00e9 Velikonoce &#8221; s patinou , vhodn\u00fd jako p\u0159\u00edzdoba \u00a0do velikono\u010dn\u00edch a jarn\u00edch v\u011bnc\u016f a dekorac\u00ed . Rozm\u011bry: 9 x 4,5 x 0,4 cm\" \/>\n<meta property=\"og:url\" content=\"https:\/\/dev.petiteprovence.cz\/en\/produkt\/oval-vesele-velikonoce\/\" \/>\n<meta property=\"og:site_name\" content=\"PetiteProvence.cz\" \/>\n<meta property=\"article:publisher\" content=\"https:\/\/www.facebook.com\/provencehandmade\" \/>\n<meta property=\"article:modified_time\" content=\"2025-01-09T13:20:59+00:00\" \/>\n<meta property=\"og:image\" content=\"https:\/\/dev.petiteprovence.cz\/wp-content\/uploads\/2025\/01\/IMG_6875.jpeg\" \/>\n\t<meta property=\"og:image:width\" content=\"1431\" \/>\n\t<meta property=\"og:image:height\" content=\"1431\" \/>\n\t<meta property=\"og:image:type\" content=\"image\/jpeg\" \/>\n<meta name=\"twitter:card\" content=\"summary_large_image\" \/>\n<meta name=\"twitter:site\" content=\"@_PetiteProvence\" \/>\n<script type=\"application\/ld+json\" class=\"yoast-schema-graph\">{\"@context\":\"https:\\\/\\\/schema.org\",\"@graph\":[{\"@type\":[\"WebPage\",\"ItemPage\"],\"@id\":\"https:\\\/\\\/dev.petiteprovence.cz\\\/en\\\/produkt\\\/oval-vesele-velikonoce\\\/\",\"url\":\"https:\\\/\\\/dev.petiteprovence.cz\\\/en\\\/produkt\\\/oval-vesele-velikonoce\\\/\",\"name\":\"Ov\u00e1l \\\"vesel\u00e9 Velikonoce\\\" - PetiteProvence.cz\",\"isPartOf\":{\"@id\":\"https:\\\/\\\/dev.petiteprovence.cz\\\/en\\\/#website\"},\"primaryImageOfPage\":{\"@id\":\"https:\\\/\\\/dev.petiteprovence.cz\\\/en\\\/produkt\\\/oval-vesele-velikonoce\\\/#primaryimage\"},\"image\":{\"@id\":\"https:\\\/\\\/dev.petiteprovence.cz\\\/en\\\/produkt\\\/oval-vesele-velikonoce\\\/#primaryimage\"},\"thumbnailUrl\":\"https:\\\/\\\/dev.petiteprovence.cz\\\/wp-content\\\/uploads\\\/2025\\\/01\\\/IMG_6875.jpeg\",\"datePublished\":\"2025-01-09T13:20:58+00:00\",\"dateModified\":\"2025-01-09T13:20:59+00:00\",\"breadcrumb\":{\"@id\":\"https:\\\/\\\/dev.petiteprovence.cz\\\/en\\\/produkt\\\/oval-vesele-velikonoce\\\/#breadcrumb\"},\"inLanguage\":\"en-US\",\"potentialAction\":[{\"@type\":\"ReadAction\",\"target\":[\"https:\\\/\\\/dev.petiteprovence.cz\\\/en\\\/produkt\\\/oval-vesele-velikonoce\\\/\"]}]},{\"@type\":\"ImageObject\",\"inLanguage\":\"en-US\",\"@id\":\"https:\\\/\\\/dev.petiteprovence.cz\\\/en\\\/produkt\\\/oval-vesele-velikonoce\\\/#primaryimage\",\"url\":\"https:\\\/\\\/dev.petiteprovence.cz\\\/wp-content\\\/uploads\\\/2025\\\/01\\\/IMG_6875.jpeg\",\"contentUrl\":\"https:\\\/\\\/dev.petiteprovence.cz\\\/wp-content\\\/uploads\\\/2025\\\/01\\\/IMG_6875.jpeg\",\"width\":1431,\"height\":1431},{\"@type\":\"BreadcrumbList\",\"@id\":\"https:\\\/\\\/dev.petiteprovence.cz\\\/en\\\/produkt\\\/oval-vesele-velikonoce\\\/#breadcrumb\",\"itemListElement\":[{\"@type\":\"ListItem\",\"position\":1,\"name\":\"Home\",\"item\":\"https:\\\/\\\/dev.petiteprovence.cz\\\/en\\\/\"},{\"@type\":\"ListItem\",\"position\":2,\"name\":\"Shop\",\"item\":\"https:\\\/\\\/dev.petiteprovence.cz\\\/en\\\/shop\\\/\"},{\"@type\":\"ListItem\",\"position\":3,\"name\":\"Ov\u00e1l &#8220;vesel\u00e9 Velikonoce&#8221;\"}]},{\"@type\":\"WebSite\",\"@id\":\"https:\\\/\\\/dev.petiteprovence.cz\\\/en\\\/#website\",\"url\":\"https:\\\/\\\/dev.petiteprovence.cz\\\/en\\\/\",\"name\":\"PetiteProvence.cz\",\"description\":\"\",\"publisher\":{\"@id\":\"https:\\\/\\\/dev.petiteprovence.cz\\\/en\\\/#organization\"},\"potentialAction\":[{\"@type\":\"SearchAction\",\"target\":{\"@type\":\"EntryPoint\",\"urlTemplate\":\"https:\\\/\\\/dev.petiteprovence.cz\\\/en\\\/?s={search_term_string}\"},\"query-input\":{\"@type\":\"PropertyValueSpecification\",\"valueRequired\":true,\"valueName\":\"search_term_string\"}}],\"inLanguage\":\"en-US\"},{\"@type\":[\"Organization\",\"Place\",\"HomeGoodsStore\"],\"@id\":\"https:\\\/\\\/dev.petiteprovence.cz\\\/en\\\/#organization\",\"name\":\"PetiteProvence.cz\",\"url\":\"https:\\\/\\\/dev.petiteprovence.cz\\\/en\\\/\",\"logo\":{\"@id\":\"https:\\\/\\\/dev.petiteprovence.cz\\\/en\\\/produkt\\\/oval-vesele-velikonoce\\\/#local-main-organization-logo\"},\"image\":{\"@id\":\"https:\\\/\\\/dev.petiteprovence.cz\\\/en\\\/produkt\\\/oval-vesele-velikonoce\\\/#local-main-organization-logo\"},\"sameAs\":[\"https:\\\/\\\/www.facebook.com\\\/provencehandmade\",\"https:\\\/\\\/x.com\\\/_PetiteProvence\",\"https:\\\/\\\/www.instagram.com\\\/petite.provence\\\/\",\"https:\\\/\\\/cz.pinterest.com\\\/petiteprovence_cz\"],\"legalName\":\"Petite Provence s.r.o.\",\"foundingDate\":\"2022-05-23\",\"numberOfEmployees\":{\"@type\":\"QuantitativeValue\",\"minValue\":\"1\",\"maxValue\":\"10\"},\"address\":{\"@id\":\"https:\\\/\\\/dev.petiteprovence.cz\\\/en\\\/produkt\\\/oval-vesele-velikonoce\\\/#local-main-place-address\"},\"geo\":{\"@type\":\"GeoCoordinates\",\"latitude\":\"50.0756404\",\"longitude\":\"14.5077825\"},\"telephone\":[\"+420212248480\"],\"openingHoursSpecification\":{\"@type\":\"OpeningHoursSpecification\",\"dayOfWeek\":[\"Monday\",\"Tuesday\",\"Wednesday\",\"Thursday\",\"Friday\",\"Saturday\",\"Sunday\"],\"opens\":\"00:00\",\"closes\":\"23:59\"},\"email\":\"info@petiteprovence.cz\",\"areaServed\":\"Czech Republic, Slovak Republic, EU\",\"taxID\":\"17167051\",\"currenciesAccepted\":\"CZK, EUR\",\"paymentAccepted\":\"credit card, cash\"},{\"@type\":\"PostalAddress\",\"@id\":\"https:\\\/\\\/dev.petiteprovence.cz\\\/en\\\/produkt\\\/oval-vesele-velikonoce\\\/#local-main-place-address\",\"streetAddress\":\"T\u0159ebohostick\u00e1 3069\\\/14\",\"addressLocality\":\"Praha 10\",\"postalCode\":\"100 00\",\"addressRegion\":\"Praha\",\"addressCountry\":\"CZ\"},{\"@type\":\"ImageObject\",\"inLanguage\":\"en-US\",\"@id\":\"https:\\\/\\\/dev.petiteprovence.cz\\\/en\\\/produkt\\\/oval-vesele-velikonoce\\\/#local-main-organization-logo\",\"url\":\"https:\\\/\\\/dev.petiteprovence.cz\\\/wp-content\\\/uploads\\\/PetiteProvence.cz-logo-800x800-1.jpg\",\"contentUrl\":\"https:\\\/\\\/dev.petiteprovence.cz\\\/wp-content\\\/uploads\\\/PetiteProvence.cz-logo-800x800-1.jpg\",\"width\":800,\"height\":800,\"caption\":\"PetiteProvence.cz\"}]}<\/script>\n<meta property=\"product:brand\" content=\"PetiteProvence.cz\" \/>\n<meta property=\"product:price:amount\" content=\"28.00\" \/>\n<meta property=\"product:price:currency\" content=\"CZK\" \/>\n<meta property=\"og:availability\" content=\"instock\" \/>\n<meta property=\"product:availability\" content=\"instock\" \/>\n<meta property=\"product:condition\" content=\"new\" \/>\n<meta name=\"geo.placename\" content=\"Praha 10\" \/>\n<meta name=\"geo.position\" content=\"50.0756404;14.5077825\" \/>\n<meta name=\"geo.region\" content=\"Czech Republic\" \/>\n<!-- \/ Yoast SEO Premium plugin. -->","yoast_head_json":{"title":"Ov\u00e1l \"vesel\u00e9 Velikonoce\" - PetiteProvence.cz","robots":{"index":"noindex","follow":"follow","max-snippet":"max-snippet:-1","max-image-preview":"max-image-preview:large","max-video-preview":"max-video-preview:-1"},"og_locale":"en_US","og_type":"article","og_title":"Ov\u00e1l \"vesel\u00e9 Velikonoce\"","og_description":"Ov\u00e1l vy\u0159ezan\u00fd z p\u0159ekli\u017eky o \u0161\u00ed\u0159ce 4 mm s n\u00e1pisem &#8220;vesel\u00e9 Velikonoce &#8221; s patinou , vhodn\u00fd jako p\u0159\u00edzdoba \u00a0do velikono\u010dn\u00edch a jarn\u00edch v\u011bnc\u016f a dekorac\u00ed . Rozm\u011bry: 9 x 4,5 x 0,4 cm","og_url":"https:\/\/dev.petiteprovence.cz\/en\/produkt\/oval-vesele-velikonoce\/","og_site_name":"PetiteProvence.cz","article_publisher":"https:\/\/www.facebook.com\/provencehandmade","article_modified_time":"2025-01-09T13:20:59+00:00","og_image":[{"width":1431,"height":1431,"url":"https:\/\/dev.petiteprovence.cz\/wp-content\/uploads\/2025\/01\/IMG_6875.jpeg","type":"image\/jpeg"}],"twitter_card":"summary_large_image","twitter_site":"@_PetiteProvence","schema":{"@context":"https:\/\/schema.org","@graph":[{"@type":["WebPage","ItemPage"],"@id":"https:\/\/dev.petiteprovence.cz\/en\/produkt\/oval-vesele-velikonoce\/","url":"https:\/\/dev.petiteprovence.cz\/en\/produkt\/oval-vesele-velikonoce\/","name":"Ov\u00e1l \"vesel\u00e9 Velikonoce\" - PetiteProvence.cz","isPartOf":{"@id":"https:\/\/dev.petiteprovence.cz\/en\/#website"},"primaryImageOfPage":{"@id":"https:\/\/dev.petiteprovence.cz\/en\/produkt\/oval-vesele-velikonoce\/#primaryimage"},"image":{"@id":"https:\/\/dev.petiteprovence.cz\/en\/produkt\/oval-vesele-velikonoce\/#primaryimage"},"thumbnailUrl":"https:\/\/dev.petiteprovence.cz\/wp-content\/uploads\/2025\/01\/IMG_6875.jpeg","datePublished":"2025-01-09T13:20:58+00:00","dateModified":"2025-01-09T13:20:59+00:00","breadcrumb":{"@id":"https:\/\/dev.petiteprovence.cz\/en\/produkt\/oval-vesele-velikonoce\/#breadcrumb"},"inLanguage":"en-US","potentialAction":[{"@type":"ReadAction","target":["https:\/\/dev.petiteprovence.cz\/en\/produkt\/oval-vesele-velikonoce\/"]}]},{"@type":"ImageObject","inLanguage":"en-US","@id":"https:\/\/dev.petiteprovence.cz\/en\/produkt\/oval-vesele-velikonoce\/#primaryimage","url":"https:\/\/dev.petiteprovence.cz\/wp-content\/uploads\/2025\/01\/IMG_6875.jpeg","contentUrl":"https:\/\/dev.petiteprovence.cz\/wp-content\/uploads\/2025\/01\/IMG_6875.jpeg","width":1431,"height":1431},{"@type":"BreadcrumbList","@id":"https:\/\/dev.petiteprovence.cz\/en\/produkt\/oval-vesele-velikonoce\/#breadcrumb","itemListElement":[{"@type":"ListItem","position":1,"name":"Home","item":"https:\/\/dev.petiteprovence.cz\/en\/"},{"@type":"ListItem","position":2,"name":"Shop","item":"https:\/\/dev.petiteprovence.cz\/en\/shop\/"},{"@type":"ListItem","position":3,"name":"Ov\u00e1l &#8220;vesel\u00e9 Velikonoce&#8221;"}]},{"@type":"WebSite","@id":"https:\/\/dev.petiteprovence.cz\/en\/#website","url":"https:\/\/dev.petiteprovence.cz\/en\/","name":"PetiteProvence.cz","description":"","publisher":{"@id":"https:\/\/dev.petiteprovence.cz\/en\/#organization"},"potentialAction":[{"@type":"SearchAction","target":{"@type":"EntryPoint","urlTemplate":"https:\/\/dev.petiteprovence.cz\/en\/?s={search_term_string}"},"query-input":{"@type":"PropertyValueSpecification","valueRequired":true,"valueName":"search_term_string"}}],"inLanguage":"en-US"},{"@type":["Organization","Place","HomeGoodsStore"],"@id":"https:\/\/dev.petiteprovence.cz\/en\/#organization","name":"PetiteProvence.cz","url":"https:\/\/dev.petiteprovence.cz\/en\/","logo":{"@id":"https:\/\/dev.petiteprovence.cz\/en\/produkt\/oval-vesele-velikonoce\/#local-main-organization-logo"},"image":{"@id":"https:\/\/dev.petiteprovence.cz\/en\/produkt\/oval-vesele-velikonoce\/#local-main-organization-logo"},"sameAs":["https:\/\/www.facebook.com\/provencehandmade","https:\/\/x.com\/_PetiteProvence","https:\/\/www.instagram.com\/petite.provence\/","https:\/\/cz.pinterest.com\/petiteprovence_cz"],"legalName":"Petite Provence s.r.o.","foundingDate":"2022-05-23","numberOfEmployees":{"@type":"QuantitativeValue","minValue":"1","maxValue":"10"},"address":{"@id":"https:\/\/dev.petiteprovence.cz\/en\/produkt\/oval-vesele-velikonoce\/#local-main-place-address"},"geo":{"@type":"GeoCoordinates","latitude":"50.0756404","longitude":"14.5077825"},"telephone":["+420212248480"],"openingHoursSpecification":{"@type":"OpeningHoursSpecification","dayOfWeek":["Monday","Tuesday","Wednesday","Thursday","Friday","Saturday","Sunday"],"opens":"00:00","closes":"23:59"},"email":"info@petiteprovence.cz","areaServed":"Czech Republic, Slovak Republic, EU","taxID":"17167051","currenciesAccepted":"CZK, EUR","paymentAccepted":"credit card, cash"},{"@type":"PostalAddress","@id":"https:\/\/dev.petiteprovence.cz\/en\/produkt\/oval-vesele-velikonoce\/#local-main-place-address","streetAddress":"T\u0159ebohostick\u00e1 3069\/14","addressLocality":"Praha 10","postalCode":"100 00","addressRegion":"Praha","addressCountry":"CZ"},{"@type":"ImageObject","inLanguage":"en-US","@id":"https:\/\/dev.petiteprovence.cz\/en\/produkt\/oval-vesele-velikonoce\/#local-main-organization-logo","url":"https:\/\/dev.petiteprovence.cz\/wp-content\/uploads\/PetiteProvence.cz-logo-800x800-1.jpg","contentUrl":"https:\/\/dev.petiteprovence.cz\/wp-content\/uploads\/PetiteProvence.cz-logo-800x800-1.jpg","width":800,"height":800,"caption":"PetiteProvence.cz"}]},"product_brand":"PetiteProvence.cz","product_price_amount":"28.00","product_price_currency":"CZK","og_availability":"instock","product_availability":"instock","product_condition":"new","geo.placename":"Praha 10","geo.position":{"lat":"50.0756404","long":"14.5077825"},"geo.region":"Czech Republic"},"_links":{"self":[{"href":"https:\/\/dev.petiteprovence.cz\/en\/wp-json\/wp\/v2\/product\/16236","targetHints":{"allow":["GET"]}}],"collection":[{"href":"https:\/\/dev.petiteprovence.cz\/en\/wp-json\/wp\/v2\/product"}],"about":[{"href":"https:\/\/dev.petiteprovence.cz\/en\/wp-json\/wp\/v2\/types\/product"}],"wp:featuredmedia":[{"embeddable":true,"href":"https:\/\/dev.petiteprovence.cz\/en\/wp-json\/wp\/v2\/media\/16237"}],"wp:attachment":[{"href":"https:\/\/dev.petiteprovence.cz\/en\/wp-json\/wp\/v2\/media?parent=16236"}],"wp:term":[{"taxonomy":"brand","embeddable":true,"href":"https:\/\/dev.petiteprovence.cz\/en\/wp-json\/wp\/v2\/etheme_brands?post=16236"},{"taxonomy":"product_brand","embeddable":true,"href":"https:\/\/dev.petiteprovence.cz\/en\/wp-json\/wp\/v2\/product_brand?post=16236"},{"taxonomy":"product_cat","embeddable":true,"href":"https:\/\/dev.petiteprovence.cz\/en\/wp-json\/wp\/v2\/product_cat?post=16236"},{"taxonomy":"product_tag","embeddable":true,"href":"https:\/\/dev.petiteprovence.cz\/en\/wp-json\/wp\/v2\/product_tag?post=16236"}],"curies":[{"name":"wp","href":"https:\/\/api.w.org\/{rel}","templated":true}]}}