{"id":16564,"date":"2025-04-24T09:01:04","date_gmt":"2025-04-24T07:01:04","guid":{"rendered":"https:\/\/petiteprovence.cz\/?post_type=product&#038;p=16564"},"modified":"2025-12-13T12:06:41","modified_gmt":"2025-12-13T11:06:41","slug":"venkovsky-dreveny-domecek","status":"publish","type":"product","link":"https:\/\/dev.petiteprovence.cz\/en\/produkt\/venkovsky-dreveny-domecek\/","title":{"rendered":"Venkovsk\u00fd  d\u0159ev\u011bn\u00fd dome\u010dek"},"content":{"rendered":"<div class=\"wpb-content-wrapper\"><p>[vc_row][vc_column][vc_column_text css=&#8221;&#8221;]Kouzeln\u00e1 zimn\u00ed dekorace na p\u0159\u00edrodn\u00edm d\u0159ev\u011bn\u00e9m podstavci, zobrazuj\u00edc\u00ed malou zasn\u011b\u017eenou chaloupku se stromky a jemn\u00fdm LED osv\u011btlen\u00edm. Ru\u010dn\u00ed v\u00fdroba, origin\u00e1ln\u00ed motiv a h\u0159ejiv\u00e1 v\u00e1no\u010dn\u00ed atmosf\u00e9ra do ka\u017ed\u00e9ho domova.<\/p>\n<p>Rozm\u011br kulatinky cca 16 x 12 cm ( ka\u017ed\u00e1 je tro\u0161ku jin\u00e1 ) , v\u00fd\u0161ka dekorace cca 18 cm[\/vc_column_text][\/vc_column][\/vc_row]<\/p>\n<\/div>","protected":false},"excerpt":{"rendered":"<p>[vc_row][vc_column][vc_column_text css=&#8221;&#8221;]Kouzeln\u00e1 zimn\u00ed dekorace na p\u0159\u00edrodn\u00edm d\u0159ev\u011bn\u00e9m podstavci, zobrazuj\u00edc\u00ed malou zasn\u011b\u017eenou chaloupku se stromky a jemn\u00fdm LED osv\u011btlen\u00edm. Ru\u010dn\u00ed v\u00fdroba, origin\u00e1ln\u00ed motiv a h\u0159ejiv\u00e1 v\u00e1no\u010dn\u00ed atmosf\u00e9ra do ka\u017ed\u00e9ho domova. Rozm\u011br kulatinky cca 16 x 12 cm ( ka\u017ed\u00e1 je tro\u0161ku jin\u00e1 ) , v\u00fd\u0161ka dekorace cca 18 cm[\/vc_column_text][\/vc_column][\/vc_row]<\/p>\n","protected":false},"featured_media":17165,"template":"","meta":{"bwfblock_default_font":""},"etheme_brands":[{"term_id":50,"name":"PetiteProvence.cz","slug":"petiteprovence-cz-en","term_group":0,"term_taxonomy_id":50,"taxonomy":"brand","description":"[block id=6702]","parent":0,"count":410,"filter":"raw"}],"product_brand":[],"product_cat":[67,345,336],"product_tag":[],"class_list":{"0":"post-16564","1":"product","2":"type-product","3":"status-publish","4":"has-post-thumbnail","6":"brand-petiteprovence-cz","7":"product_cat-domecky","8":"product_cat-domecky-se-svetylky","9":"product_cat-vanocni-dekorace","11":"first","12":"outofstock","13":"shipping-taxable","14":"purchasable","15":"product-type-simple"},"yoast_head":"<!-- This site is optimized with the Yoast SEO Premium plugin v27.0 (Yoast SEO v27.3) - https:\/\/yoast.com\/product\/yoast-seo-premium-wordpress\/ -->\n<title>Venkovsk\u00fd d\u0159ev\u011bn\u00fd dome\u010dek - PetiteProvence.cz<\/title>\n<meta name=\"robots\" content=\"noindex, follow, max-snippet:-1, max-image-preview:large, max-video-preview:-1\" \/>\n<meta property=\"og:locale\" content=\"en_US\" \/>\n<meta property=\"og:type\" content=\"article\" \/>\n<meta property=\"og:title\" content=\"Venkovsk\u00fd d\u0159ev\u011bn\u00fd dome\u010dek\" \/>\n<meta property=\"og:description\" content=\"[vc_row][vc_column][vc_column_text css=&#8221;&#8221;]Kouzeln\u00e1 zimn\u00ed dekorace na p\u0159\u00edrodn\u00edm d\u0159ev\u011bn\u00e9m podstavci, zobrazuj\u00edc\u00ed malou zasn\u011b\u017eenou chaloupku se stromky a jemn\u00fdm LED osv\u011btlen\u00edm. Ru\u010dn\u00ed v\u00fdroba, origin\u00e1ln\u00ed motiv a h\u0159ejiv\u00e1 v\u00e1no\u010dn\u00ed atmosf\u00e9ra do ka\u017ed\u00e9ho domova. Rozm\u011br kulatinky cca 16 x 12 cm ( ka\u017ed\u00e1 je tro\u0161ku jin\u00e1 ) , v\u00fd\u0161ka dekorace cca 18 cm[\/vc_column_text][\/vc_column][\/vc_row]\" \/>\n<meta property=\"og:url\" content=\"https:\/\/dev.petiteprovence.cz\/en\/produkt\/venkovsky-dreveny-domecek\/\" \/>\n<meta property=\"og:site_name\" content=\"PetiteProvence.cz\" \/>\n<meta property=\"article:publisher\" content=\"https:\/\/www.facebook.com\/provencehandmade\" \/>\n<meta property=\"article:modified_time\" content=\"2025-12-13T11:06:41+00:00\" \/>\n<meta property=\"og:image\" content=\"https:\/\/dev.petiteprovence.cz\/wp-content\/uploads\/2025\/04\/att.-NUN0g9ogCQ8Qa8a9jKYzScVGPJKdAmr-0bwow-vrNk-1.jpeg\" \/>\n\t<meta property=\"og:image:width\" content=\"1312\" \/>\n\t<meta property=\"og:image:height\" content=\"1312\" \/>\n\t<meta property=\"og:image:type\" content=\"image\/jpeg\" \/>\n<meta name=\"twitter:card\" content=\"summary_large_image\" \/>\n<meta name=\"twitter:site\" content=\"@_PetiteProvence\" \/>\n<script type=\"application\/ld+json\" class=\"yoast-schema-graph\">{\"@context\":\"https:\\\/\\\/schema.org\",\"@graph\":[{\"@type\":[\"WebPage\",\"ItemPage\"],\"@id\":\"https:\\\/\\\/dev.petiteprovence.cz\\\/en\\\/produkt\\\/venkovsky-dreveny-domecek\\\/\",\"url\":\"https:\\\/\\\/dev.petiteprovence.cz\\\/en\\\/produkt\\\/venkovsky-dreveny-domecek\\\/\",\"name\":\"Venkovsk\u00fd d\u0159ev\u011bn\u00fd dome\u010dek - PetiteProvence.cz\",\"isPartOf\":{\"@id\":\"https:\\\/\\\/dev.petiteprovence.cz\\\/en\\\/#website\"},\"primaryImageOfPage\":{\"@id\":\"https:\\\/\\\/dev.petiteprovence.cz\\\/en\\\/produkt\\\/venkovsky-dreveny-domecek\\\/#primaryimage\"},\"image\":{\"@id\":\"https:\\\/\\\/dev.petiteprovence.cz\\\/en\\\/produkt\\\/venkovsky-dreveny-domecek\\\/#primaryimage\"},\"thumbnailUrl\":\"https:\\\/\\\/dev.petiteprovence.cz\\\/wp-content\\\/uploads\\\/2025\\\/04\\\/att.-NUN0g9ogCQ8Qa8a9jKYzScVGPJKdAmr-0bwow-vrNk-1.jpeg\",\"datePublished\":\"2025-04-24T07:01:04+00:00\",\"dateModified\":\"2025-12-13T11:06:41+00:00\",\"breadcrumb\":{\"@id\":\"https:\\\/\\\/dev.petiteprovence.cz\\\/en\\\/produkt\\\/venkovsky-dreveny-domecek\\\/#breadcrumb\"},\"inLanguage\":\"en-US\",\"potentialAction\":[{\"@type\":\"ReadAction\",\"target\":[\"https:\\\/\\\/dev.petiteprovence.cz\\\/en\\\/produkt\\\/venkovsky-dreveny-domecek\\\/\"]}]},{\"@type\":\"ImageObject\",\"inLanguage\":\"en-US\",\"@id\":\"https:\\\/\\\/dev.petiteprovence.cz\\\/en\\\/produkt\\\/venkovsky-dreveny-domecek\\\/#primaryimage\",\"url\":\"https:\\\/\\\/dev.petiteprovence.cz\\\/wp-content\\\/uploads\\\/2025\\\/04\\\/att.-NUN0g9ogCQ8Qa8a9jKYzScVGPJKdAmr-0bwow-vrNk-1.jpeg\",\"contentUrl\":\"https:\\\/\\\/dev.petiteprovence.cz\\\/wp-content\\\/uploads\\\/2025\\\/04\\\/att.-NUN0g9ogCQ8Qa8a9jKYzScVGPJKdAmr-0bwow-vrNk-1.jpeg\",\"width\":1312,\"height\":1312},{\"@type\":\"BreadcrumbList\",\"@id\":\"https:\\\/\\\/dev.petiteprovence.cz\\\/en\\\/produkt\\\/venkovsky-dreveny-domecek\\\/#breadcrumb\",\"itemListElement\":[{\"@type\":\"ListItem\",\"position\":1,\"name\":\"Home\",\"item\":\"https:\\\/\\\/dev.petiteprovence.cz\\\/en\\\/\"},{\"@type\":\"ListItem\",\"position\":2,\"name\":\"Shop\",\"item\":\"https:\\\/\\\/dev.petiteprovence.cz\\\/en\\\/shop\\\/\"},{\"@type\":\"ListItem\",\"position\":3,\"name\":\"Venkovsk\u00fd d\u0159ev\u011bn\u00fd dome\u010dek\"}]},{\"@type\":\"WebSite\",\"@id\":\"https:\\\/\\\/dev.petiteprovence.cz\\\/en\\\/#website\",\"url\":\"https:\\\/\\\/dev.petiteprovence.cz\\\/en\\\/\",\"name\":\"PetiteProvence.cz\",\"description\":\"\",\"publisher\":{\"@id\":\"https:\\\/\\\/dev.petiteprovence.cz\\\/en\\\/#organization\"},\"potentialAction\":[{\"@type\":\"SearchAction\",\"target\":{\"@type\":\"EntryPoint\",\"urlTemplate\":\"https:\\\/\\\/dev.petiteprovence.cz\\\/en\\\/?s={search_term_string}\"},\"query-input\":{\"@type\":\"PropertyValueSpecification\",\"valueRequired\":true,\"valueName\":\"search_term_string\"}}],\"inLanguage\":\"en-US\"},{\"@type\":[\"Organization\",\"Place\",\"HomeGoodsStore\"],\"@id\":\"https:\\\/\\\/dev.petiteprovence.cz\\\/en\\\/#organization\",\"name\":\"PetiteProvence.cz\",\"url\":\"https:\\\/\\\/dev.petiteprovence.cz\\\/en\\\/\",\"logo\":{\"@id\":\"https:\\\/\\\/dev.petiteprovence.cz\\\/en\\\/produkt\\\/venkovsky-dreveny-domecek\\\/#local-main-organization-logo\"},\"image\":{\"@id\":\"https:\\\/\\\/dev.petiteprovence.cz\\\/en\\\/produkt\\\/venkovsky-dreveny-domecek\\\/#local-main-organization-logo\"},\"sameAs\":[\"https:\\\/\\\/www.facebook.com\\\/provencehandmade\",\"https:\\\/\\\/x.com\\\/_PetiteProvence\",\"https:\\\/\\\/www.instagram.com\\\/petite.provence\\\/\",\"https:\\\/\\\/cz.pinterest.com\\\/petiteprovence_cz\"],\"legalName\":\"Petite Provence s.r.o.\",\"foundingDate\":\"2022-05-23\",\"numberOfEmployees\":{\"@type\":\"QuantitativeValue\",\"minValue\":\"1\",\"maxValue\":\"10\"},\"address\":{\"@id\":\"https:\\\/\\\/dev.petiteprovence.cz\\\/en\\\/produkt\\\/venkovsky-dreveny-domecek\\\/#local-main-place-address\"},\"geo\":{\"@type\":\"GeoCoordinates\",\"latitude\":\"50.0756404\",\"longitude\":\"14.5077825\"},\"telephone\":[\"+420212248480\"],\"openingHoursSpecification\":{\"@type\":\"OpeningHoursSpecification\",\"dayOfWeek\":[\"Monday\",\"Tuesday\",\"Wednesday\",\"Thursday\",\"Friday\",\"Saturday\",\"Sunday\"],\"opens\":\"00:00\",\"closes\":\"23:59\"},\"email\":\"info@petiteprovence.cz\",\"areaServed\":\"Czech Republic, Slovak Republic, EU\",\"taxID\":\"17167051\",\"currenciesAccepted\":\"CZK, EUR\",\"paymentAccepted\":\"credit card, cash\"},{\"@type\":\"PostalAddress\",\"@id\":\"https:\\\/\\\/dev.petiteprovence.cz\\\/en\\\/produkt\\\/venkovsky-dreveny-domecek\\\/#local-main-place-address\",\"streetAddress\":\"T\u0159ebohostick\u00e1 3069\\\/14\",\"addressLocality\":\"Praha 10\",\"postalCode\":\"100 00\",\"addressRegion\":\"Praha\",\"addressCountry\":\"CZ\"},{\"@type\":\"ImageObject\",\"inLanguage\":\"en-US\",\"@id\":\"https:\\\/\\\/dev.petiteprovence.cz\\\/en\\\/produkt\\\/venkovsky-dreveny-domecek\\\/#local-main-organization-logo\",\"url\":\"https:\\\/\\\/dev.petiteprovence.cz\\\/wp-content\\\/uploads\\\/PetiteProvence.cz-logo-800x800-1.jpg\",\"contentUrl\":\"https:\\\/\\\/dev.petiteprovence.cz\\\/wp-content\\\/uploads\\\/PetiteProvence.cz-logo-800x800-1.jpg\",\"width\":800,\"height\":800,\"caption\":\"PetiteProvence.cz\"}]}<\/script>\n<meta property=\"product:brand\" content=\"PetiteProvence.cz\" \/>\n<meta property=\"product:price:amount\" content=\"590.00\" \/>\n<meta property=\"product:price:currency\" content=\"CZK\" \/>\n<meta property=\"og:availability\" content=\"out of stock\" \/>\n<meta property=\"product:availability\" content=\"out of stock\" \/>\n<meta property=\"product:condition\" content=\"new\" \/>\n<meta name=\"geo.placename\" content=\"Praha 10\" \/>\n<meta name=\"geo.position\" content=\"50.0756404;14.5077825\" \/>\n<meta name=\"geo.region\" content=\"Czech Republic\" \/>\n<!-- \/ Yoast SEO Premium plugin. -->","yoast_head_json":{"title":"Venkovsk\u00fd d\u0159ev\u011bn\u00fd dome\u010dek - PetiteProvence.cz","robots":{"index":"noindex","follow":"follow","max-snippet":"max-snippet:-1","max-image-preview":"max-image-preview:large","max-video-preview":"max-video-preview:-1"},"og_locale":"en_US","og_type":"article","og_title":"Venkovsk\u00fd d\u0159ev\u011bn\u00fd dome\u010dek","og_description":"[vc_row][vc_column][vc_column_text css=&#8221;&#8221;]Kouzeln\u00e1 zimn\u00ed dekorace na p\u0159\u00edrodn\u00edm d\u0159ev\u011bn\u00e9m podstavci, zobrazuj\u00edc\u00ed malou zasn\u011b\u017eenou chaloupku se stromky a jemn\u00fdm LED osv\u011btlen\u00edm. Ru\u010dn\u00ed v\u00fdroba, origin\u00e1ln\u00ed motiv a h\u0159ejiv\u00e1 v\u00e1no\u010dn\u00ed atmosf\u00e9ra do ka\u017ed\u00e9ho domova. Rozm\u011br kulatinky cca 16 x 12 cm ( ka\u017ed\u00e1 je tro\u0161ku jin\u00e1 ) , v\u00fd\u0161ka dekorace cca 18 cm[\/vc_column_text][\/vc_column][\/vc_row]","og_url":"https:\/\/dev.petiteprovence.cz\/en\/produkt\/venkovsky-dreveny-domecek\/","og_site_name":"PetiteProvence.cz","article_publisher":"https:\/\/www.facebook.com\/provencehandmade","article_modified_time":"2025-12-13T11:06:41+00:00","og_image":[{"width":1312,"height":1312,"url":"https:\/\/dev.petiteprovence.cz\/wp-content\/uploads\/2025\/04\/att.-NUN0g9ogCQ8Qa8a9jKYzScVGPJKdAmr-0bwow-vrNk-1.jpeg","type":"image\/jpeg"}],"twitter_card":"summary_large_image","twitter_site":"@_PetiteProvence","schema":{"@context":"https:\/\/schema.org","@graph":[{"@type":["WebPage","ItemPage"],"@id":"https:\/\/dev.petiteprovence.cz\/en\/produkt\/venkovsky-dreveny-domecek\/","url":"https:\/\/dev.petiteprovence.cz\/en\/produkt\/venkovsky-dreveny-domecek\/","name":"Venkovsk\u00fd d\u0159ev\u011bn\u00fd dome\u010dek - PetiteProvence.cz","isPartOf":{"@id":"https:\/\/dev.petiteprovence.cz\/en\/#website"},"primaryImageOfPage":{"@id":"https:\/\/dev.petiteprovence.cz\/en\/produkt\/venkovsky-dreveny-domecek\/#primaryimage"},"image":{"@id":"https:\/\/dev.petiteprovence.cz\/en\/produkt\/venkovsky-dreveny-domecek\/#primaryimage"},"thumbnailUrl":"https:\/\/dev.petiteprovence.cz\/wp-content\/uploads\/2025\/04\/att.-NUN0g9ogCQ8Qa8a9jKYzScVGPJKdAmr-0bwow-vrNk-1.jpeg","datePublished":"2025-04-24T07:01:04+00:00","dateModified":"2025-12-13T11:06:41+00:00","breadcrumb":{"@id":"https:\/\/dev.petiteprovence.cz\/en\/produkt\/venkovsky-dreveny-domecek\/#breadcrumb"},"inLanguage":"en-US","potentialAction":[{"@type":"ReadAction","target":["https:\/\/dev.petiteprovence.cz\/en\/produkt\/venkovsky-dreveny-domecek\/"]}]},{"@type":"ImageObject","inLanguage":"en-US","@id":"https:\/\/dev.petiteprovence.cz\/en\/produkt\/venkovsky-dreveny-domecek\/#primaryimage","url":"https:\/\/dev.petiteprovence.cz\/wp-content\/uploads\/2025\/04\/att.-NUN0g9ogCQ8Qa8a9jKYzScVGPJKdAmr-0bwow-vrNk-1.jpeg","contentUrl":"https:\/\/dev.petiteprovence.cz\/wp-content\/uploads\/2025\/04\/att.-NUN0g9ogCQ8Qa8a9jKYzScVGPJKdAmr-0bwow-vrNk-1.jpeg","width":1312,"height":1312},{"@type":"BreadcrumbList","@id":"https:\/\/dev.petiteprovence.cz\/en\/produkt\/venkovsky-dreveny-domecek\/#breadcrumb","itemListElement":[{"@type":"ListItem","position":1,"name":"Home","item":"https:\/\/dev.petiteprovence.cz\/en\/"},{"@type":"ListItem","position":2,"name":"Shop","item":"https:\/\/dev.petiteprovence.cz\/en\/shop\/"},{"@type":"ListItem","position":3,"name":"Venkovsk\u00fd d\u0159ev\u011bn\u00fd dome\u010dek"}]},{"@type":"WebSite","@id":"https:\/\/dev.petiteprovence.cz\/en\/#website","url":"https:\/\/dev.petiteprovence.cz\/en\/","name":"PetiteProvence.cz","description":"","publisher":{"@id":"https:\/\/dev.petiteprovence.cz\/en\/#organization"},"potentialAction":[{"@type":"SearchAction","target":{"@type":"EntryPoint","urlTemplate":"https:\/\/dev.petiteprovence.cz\/en\/?s={search_term_string}"},"query-input":{"@type":"PropertyValueSpecification","valueRequired":true,"valueName":"search_term_string"}}],"inLanguage":"en-US"},{"@type":["Organization","Place","HomeGoodsStore"],"@id":"https:\/\/dev.petiteprovence.cz\/en\/#organization","name":"PetiteProvence.cz","url":"https:\/\/dev.petiteprovence.cz\/en\/","logo":{"@id":"https:\/\/dev.petiteprovence.cz\/en\/produkt\/venkovsky-dreveny-domecek\/#local-main-organization-logo"},"image":{"@id":"https:\/\/dev.petiteprovence.cz\/en\/produkt\/venkovsky-dreveny-domecek\/#local-main-organization-logo"},"sameAs":["https:\/\/www.facebook.com\/provencehandmade","https:\/\/x.com\/_PetiteProvence","https:\/\/www.instagram.com\/petite.provence\/","https:\/\/cz.pinterest.com\/petiteprovence_cz"],"legalName":"Petite Provence s.r.o.","foundingDate":"2022-05-23","numberOfEmployees":{"@type":"QuantitativeValue","minValue":"1","maxValue":"10"},"address":{"@id":"https:\/\/dev.petiteprovence.cz\/en\/produkt\/venkovsky-dreveny-domecek\/#local-main-place-address"},"geo":{"@type":"GeoCoordinates","latitude":"50.0756404","longitude":"14.5077825"},"telephone":["+420212248480"],"openingHoursSpecification":{"@type":"OpeningHoursSpecification","dayOfWeek":["Monday","Tuesday","Wednesday","Thursday","Friday","Saturday","Sunday"],"opens":"00:00","closes":"23:59"},"email":"info@petiteprovence.cz","areaServed":"Czech Republic, Slovak Republic, EU","taxID":"17167051","currenciesAccepted":"CZK, EUR","paymentAccepted":"credit card, cash"},{"@type":"PostalAddress","@id":"https:\/\/dev.petiteprovence.cz\/en\/produkt\/venkovsky-dreveny-domecek\/#local-main-place-address","streetAddress":"T\u0159ebohostick\u00e1 3069\/14","addressLocality":"Praha 10","postalCode":"100 00","addressRegion":"Praha","addressCountry":"CZ"},{"@type":"ImageObject","inLanguage":"en-US","@id":"https:\/\/dev.petiteprovence.cz\/en\/produkt\/venkovsky-dreveny-domecek\/#local-main-organization-logo","url":"https:\/\/dev.petiteprovence.cz\/wp-content\/uploads\/PetiteProvence.cz-logo-800x800-1.jpg","contentUrl":"https:\/\/dev.petiteprovence.cz\/wp-content\/uploads\/PetiteProvence.cz-logo-800x800-1.jpg","width":800,"height":800,"caption":"PetiteProvence.cz"}]},"product_brand":"PetiteProvence.cz","product_price_amount":"590.00","product_price_currency":"CZK","og_availability":"out of stock","product_availability":"out of stock","product_condition":"new","geo.placename":"Praha 10","geo.position":{"lat":"50.0756404","long":"14.5077825"},"geo.region":"Czech Republic"},"_links":{"self":[{"href":"https:\/\/dev.petiteprovence.cz\/en\/wp-json\/wp\/v2\/product\/16564","targetHints":{"allow":["GET"]}}],"collection":[{"href":"https:\/\/dev.petiteprovence.cz\/en\/wp-json\/wp\/v2\/product"}],"about":[{"href":"https:\/\/dev.petiteprovence.cz\/en\/wp-json\/wp\/v2\/types\/product"}],"wp:featuredmedia":[{"embeddable":true,"href":"https:\/\/dev.petiteprovence.cz\/en\/wp-json\/wp\/v2\/media\/17165"}],"wp:attachment":[{"href":"https:\/\/dev.petiteprovence.cz\/en\/wp-json\/wp\/v2\/media?parent=16564"}],"wp:term":[{"taxonomy":"brand","embeddable":true,"href":"https:\/\/dev.petiteprovence.cz\/en\/wp-json\/wp\/v2\/etheme_brands?post=16564"},{"taxonomy":"product_brand","embeddable":true,"href":"https:\/\/dev.petiteprovence.cz\/en\/wp-json\/wp\/v2\/product_brand?post=16564"},{"taxonomy":"product_cat","embeddable":true,"href":"https:\/\/dev.petiteprovence.cz\/en\/wp-json\/wp\/v2\/product_cat?post=16564"},{"taxonomy":"product_tag","embeddable":true,"href":"https:\/\/dev.petiteprovence.cz\/en\/wp-json\/wp\/v2\/product_tag?post=16564"}],"curies":[{"name":"wp","href":"https:\/\/api.w.org\/{rel}","templated":true}]}}